{"id":40,"date":"2023-09-10T11:10:42","date_gmt":"2023-09-10T09:10:42","guid":{"rendered":"https:\/\/erzherzogtum.at\/?page_id=40"},"modified":"2024-07-11T11:52:48","modified_gmt":"2024-07-11T09:52:48","slug":"reservieren","status":"publish","type":"page","link":"https:\/\/erzherzogtum.at\/fr\/reserver\/","title":{"rendered":"R\u00e9servation"},"content":{"rendered":"<div data-elementor-type=\"wp-page\" data-elementor-id=\"40\" class=\"elementor elementor-40\" data-elementor-post-type=\"page\">\n\t\t\t\t\t\t<section class=\"elementor-section elementor-top-section elementor-element elementor-element-e47c4fb elementor-section-boxed elementor-section-height-default elementor-section-height-default\" data-id=\"e47c4fb\" data-element_type=\"section\" data-e-type=\"section\">\n\t\t\t\t\t\t<div class=\"elementor-container elementor-column-gap-default\">\n\t\t\t\t\t<div class=\"elementor-column elementor-col-100 elementor-top-column elementor-element elementor-element-90bd4d3\" data-id=\"90bd4d3\" data-element_type=\"column\" data-e-type=\"column\">\n\t\t\t<div class=\"elementor-widget-wrap elementor-element-populated\">\n\t\t\t\t\t\t<div class=\"elementor-element elementor-element-d552916 elementor-widget elementor-widget-image\" data-id=\"d552916\" data-element_type=\"widget\" data-e-type=\"widget\" data-widget_type=\"image.default\">\n\t\t\t\t<div class=\"elementor-widget-container\">\n\t\t\t\t\t\t\t\t\t\t\t\t\t\t\t<img fetchpriority=\"high\" decoding=\"async\" width=\"800\" height=\"235\" src=\"https:\/\/erzherzogtum.at\/wp-content\/uploads\/2023\/09\/erzherzogtum-logo_Gold-Weiss-1024x301.png\" class=\"attachment-large size-large wp-image-14\" alt=\"Erzherzogtum Logo\" srcset=\"https:\/\/erzherzogtum.at\/wp-content\/uploads\/2023\/09\/erzherzogtum-logo_Gold-Weiss-1024x301.png 1024w, https:\/\/erzherzogtum.at\/wp-content\/uploads\/2023\/09\/erzherzogtum-logo_Gold-Weiss-300x88.png 300w, https:\/\/erzherzogtum.at\/wp-content\/uploads\/2023\/09\/erzherzogtum-logo_Gold-Weiss-768x226.png 768w, https:\/\/erzherzogtum.at\/wp-content\/uploads\/2023\/09\/erzherzogtum-logo_Gold-Weiss-1536x451.png 1536w, https:\/\/erzherzogtum.at\/wp-content\/uploads\/2023\/09\/erzherzogtum-logo_Gold-Weiss-2048x602.png 2048w\" sizes=\"(max-width: 800px) 100vw, 800px\" \/>\t\t\t\t\t\t\t\t\t\t\t\t\t\t\t<\/div>\n\t\t\t\t<\/div>\n\t\t\t\t<div class=\"elementor-element elementor-element-ee16aa1 elementor-widget elementor-widget-heading\" data-id=\"ee16aa1\" data-element_type=\"widget\" data-e-type=\"widget\" data-widget_type=\"heading.default\">\n\t\t\t\t<div class=\"elementor-widget-container\">\n\t\t\t\t\t<h1 class=\"elementor-heading-title elementor-size-default\">R\u00e9servation de table - Erzherzogtum Naschmarkt<\/h1>\t\t\t\t<\/div>\n\t\t\t\t<\/div>\n\t\t\t\t\t<\/div>\n\t\t<\/div>\n\t\t\t\t\t<\/div>\n\t\t<\/section>\n\t\t\t\t<section class=\"elementor-section elementor-top-section elementor-element elementor-element-14ac7fb elementor-section-boxed elementor-section-height-default elementor-section-height-default\" data-id=\"14ac7fb\" data-element_type=\"section\" data-e-type=\"section\">\n\t\t\t\t\t\t<div class=\"elementor-container elementor-column-gap-default\">\n\t\t\t\t\t<div class=\"elementor-column elementor-col-50 elementor-top-column elementor-element elementor-element-c04bb2d\" data-id=\"c04bb2d\" data-element_type=\"column\" data-e-type=\"column\">\n\t\t\t<div class=\"elementor-widget-wrap elementor-element-populated\">\n\t\t\t\t\t\t<div class=\"elementor-element elementor-element-6726b5b elementor-widget elementor-widget-html\" data-id=\"6726b5b\" data-element_type=\"widget\" data-e-type=\"widget\" data-widget_type=\"html.default\">\n\t\t\t\t<div class=\"elementor-widget-container\">\n\t\t\t\t\t<div id=\"quandoo-booking-widget\"><\/div> <script src=\"https:\/\/booking-widget.quandoo.com\/index.js\" data-merchant-id=\"93279\" data-theme=\"light\" data-primary-color=\"F1BA42\"><\/script>\t\t\t\t<\/div>\n\t\t\t\t<\/div>\n\t\t\t\t\t<\/div>\n\t\t<\/div>\n\t\t\t\t<div class=\"elementor-column elementor-col-50 elementor-top-column elementor-element elementor-element-04a3b03\" data-id=\"04a3b03\" data-element_type=\"column\" data-e-type=\"column\">\n\t\t\t<div class=\"elementor-widget-wrap elementor-element-populated\">\n\t\t\t\t\t\t<div class=\"elementor-element elementor-element-9f32b39 elementor-widget elementor-widget-heading\" data-id=\"9f32b39\" data-element_type=\"widget\" data-e-type=\"widget\" data-widget_type=\"heading.default\">\n\t\t\t\t<div class=\"elementor-widget-container\">\n\t\t\t\t\t<h2 class=\"elementor-heading-title elementor-size-default\">Bienvenue sur la page de r\u00e9servation de l'Erzherzogtum !<\/h2>\t\t\t\t<\/div>\n\t\t\t\t<\/div>\n\t\t\t\t<div class=\"elementor-element elementor-element-97c3f13 elementor-widget elementor-widget-text-editor\" data-id=\"97c3f13\" data-element_type=\"widget\" data-e-type=\"widget\" data-widget_type=\"text-editor.default\">\n\t\t\t\t<div class=\"elementor-widget-container\">\n\t\t\t\t\t\t\t\t\t<div class=\"page\" title=\"Page 1\"><div class=\"section\"><div class=\"layoutArea\"><div class=\"column\"><p>Le formulaire interactif \u00e0 gauche vous permet de r\u00e9server facilement votre table dans notre restaurant Naschmarkt. Si vous pr\u00e9f\u00e9rez r\u00e9server par t\u00e9l\u00e9phone ou par e-mail, vous pouvez nous joindre au :<\/p><\/div><\/div><\/div><\/div>\t\t\t\t\t\t\t\t<\/div>\n\t\t\t\t<\/div>\n\t\t\t\t<div class=\"elementor-element elementor-element-574e564 elementor-icon-list--layout-traditional elementor-list-item-link-full_width elementor-widget elementor-widget-icon-list\" data-id=\"574e564\" data-element_type=\"widget\" data-e-type=\"widget\" data-widget_type=\"icon-list.default\">\n\t\t\t\t<div class=\"elementor-widget-container\">\n\t\t\t\t\t\t\t<ul class=\"elementor-icon-list-items\">\n\t\t\t\t\t\t\t<li class=\"elementor-icon-list-item\">\n\t\t\t\t\t\t\t\t\t\t\t<span class=\"elementor-icon-list-icon\">\n\t\t\t\t\t\t\t<i aria-hidden=\"true\" class=\"fas fa-phone-alt\"><\/i>\t\t\t\t\t\t<\/span>\n\t\t\t\t\t\t\t\t\t\t<span class=\"elementor-icon-list-text\">+43 1 5878744<\/span>\n\t\t\t\t\t\t\t\t\t<\/li>\n\t\t\t\t\t\t\t\t<li class=\"elementor-icon-list-item\">\n\t\t\t\t\t\t\t\t\t\t\t<span class=\"elementor-icon-list-icon\">\n\t\t\t\t\t\t\t<i aria-hidden=\"true\" class=\"far fa-envelope\"><\/i>\t\t\t\t\t\t<\/span>\n\t\t\t\t\t\t\t\t\t\t<span class=\"elementor-icon-list-text\">naschmarkt@erzherzogtum.at<\/span>\n\t\t\t\t\t\t\t\t\t<\/li>\n\t\t\t\t\t\t<\/ul>\n\t\t\t\t\t\t<\/div>\n\t\t\t\t<\/div>\n\t\t\t\t<div class=\"elementor-element elementor-element-049ba1e elementor-widget elementor-widget-heading\" data-id=\"049ba1e\" data-element_type=\"widget\" data-e-type=\"widget\" data-widget_type=\"heading.default\">\n\t\t\t\t<div class=\"elementor-widget-container\">\n\t\t\t\t\t<h2 class=\"elementor-heading-title elementor-size-default\">Nous nous r\u00e9jouissons de votre visite au Naschmarkt !<\/h2>\t\t\t\t<\/div>\n\t\t\t\t<\/div>\n\t\t\t\t<div class=\"elementor-element elementor-element-9e8b575 elementor-widget elementor-widget-image\" data-id=\"9e8b575\" data-element_type=\"widget\" data-e-type=\"widget\" data-widget_type=\"image.default\">\n\t\t\t\t<div class=\"elementor-widget-container\">\n\t\t\t\t\t\t\t\t\t\t\t\t\t\t\t<img decoding=\"async\" width=\"800\" height=\"235\" src=\"https:\/\/erzherzogtum.at\/wp-content\/uploads\/2024\/07\/erzherzogtum-logo_Gold-Weiss.svg\" class=\"attachment-large size-large wp-image-2055\" alt=\"Erzherzogtum am Naschmarkt Logo\" \/>\t\t\t\t\t\t\t\t\t\t\t\t\t\t\t<\/div>\n\t\t\t\t<\/div>\n\t\t\t\t\t<\/div>\n\t\t<\/div>\n\t\t\t\t\t<\/div>\n\t\t<\/section>\n\t\t\t\t<section class=\"elementor-section elementor-top-section elementor-element elementor-element-fb71536 elementor-section-boxed elementor-section-height-default elementor-section-height-default\" data-id=\"fb71536\" data-element_type=\"section\" data-e-type=\"section\">\n\t\t\t\t\t\t<div class=\"elementor-container elementor-column-gap-default\">\n\t\t\t\t\t<div class=\"elementor-column elementor-col-50 elementor-top-column elementor-element elementor-element-cd19cfa\" data-id=\"cd19cfa\" data-element_type=\"column\" data-e-type=\"column\">\n\t\t\t<div class=\"elementor-widget-wrap elementor-element-populated\">\n\t\t\t\t\t\t<div class=\"elementor-element elementor-element-5514e68 elementor-cta--skin-cover elementor-cta--valign-middle elementor-animated-content elementor-bg-transform elementor-bg-transform-zoom-in elementor-widget elementor-widget-call-to-action\" data-id=\"5514e68\" data-element_type=\"widget\" data-e-type=\"widget\" data-widget_type=\"call-to-action.default\">\n\t\t\t\t<div class=\"elementor-widget-container\">\n\t\t\t\t\t\t\t<div class=\"elementor-cta\">\n\t\t\t\t\t<div class=\"elementor-cta__bg-wrapper\">\n\t\t\t\t<div class=\"elementor-cta__bg elementor-bg\" style=\"background-image: url(https:\/\/erzherzogtum.at\/wp-content\/uploads\/2023\/09\/Kaiserschmarn_Querformat-3-web-1024x683.jpg);\" role=\"img\" aria-label=\"Kaiserschmarn im Restaurant Erzherzogtum Naschmarkt\"><\/div>\n\t\t\t\t<div class=\"elementor-cta__bg-overlay\"><\/div>\n\t\t\t<\/div>\n\t\t\t\t\t\t\t<div class=\"elementor-cta__content\">\n\t\t\t\t\n\t\t\t\t\n\t\t\t\t\n\t\t\t\t\t\t\t\t\t<div class=\"elementor-cta__button-wrapper elementor-cta__content-item elementor-content-item elementor-animated-item--grow\">\n\t\t\t\t\t<a class=\"elementor-cta__button elementor-button elementor-size-\" href=\"https:\/\/erzherzogtum.at\/fr\/menu\/\">\n\t\t\t\t\t\tVoir la carte des menus\t\t\t\t\t<\/a>\n\t\t\t\t\t<\/div>\n\t\t\t\t\t\t\t<\/div>\n\t\t\t\t\t\t<\/div>\n\t\t\t\t\t\t<\/div>\n\t\t\t\t<\/div>\n\t\t\t\t\t<\/div>\n\t\t<\/div>\n\t\t\t\t<div class=\"elementor-column elementor-col-50 elementor-top-column elementor-element elementor-element-760a260\" data-id=\"760a260\" data-element_type=\"column\" data-e-type=\"column\">\n\t\t\t<div class=\"elementor-widget-wrap elementor-element-populated\">\n\t\t\t\t\t\t<div class=\"elementor-element elementor-element-f824dbe elementor-cta--skin-cover elementor-cta--valign-middle elementor-animated-content elementor-bg-transform elementor-bg-transform-zoom-in elementor-widget elementor-widget-call-to-action\" data-id=\"f824dbe\" data-element_type=\"widget\" data-e-type=\"widget\" data-widget_type=\"call-to-action.default\">\n\t\t\t\t<div class=\"elementor-widget-container\">\n\t\t\t\t\t\t\t<div class=\"elementor-cta\">\n\t\t\t\t\t<div class=\"elementor-cta__bg-wrapper\">\n\t\t\t\t<div class=\"elementor-cta__bg elementor-bg\" style=\"background-image: url(https:\/\/erzherzogtum.at\/wp-content\/uploads\/2023\/09\/reservierung-alt-1024x766.jpg);\" role=\"img\" aria-label=\"alte Wien\"><\/div>\n\t\t\t\t<div class=\"elementor-cta__bg-overlay\"><\/div>\n\t\t\t<\/div>\n\t\t\t\t\t\t\t<div class=\"elementor-cta__content\">\n\t\t\t\t\n\t\t\t\t\n\t\t\t\t\n\t\t\t\t\t\t\t\t\t<div class=\"elementor-cta__button-wrapper elementor-cta__content-item elementor-content-item elementor-animated-item--grow\">\n\t\t\t\t\t<a class=\"elementor-cta__button elementor-button elementor-size-\" href=\"https:\/\/erzherzogtum.at\/fr\/events\/\">\n\t\t\t\t\t\tVoir les \u00e9v\u00e9nements\t\t\t\t\t<\/a>\n\t\t\t\t\t<\/div>\n\t\t\t\t\t\t\t<\/div>\n\t\t\t\t\t\t<\/div>\n\t\t\t\t\t\t<\/div>\n\t\t\t\t<\/div>\n\t\t\t\t\t<\/div>\n\t\t<\/div>\n\t\t\t\t\t<\/div>\n\t\t<\/section>\n\t\t\t\t<\/div>","protected":false},"excerpt":{"rendered":"<p>Tisch Reservierung &#8211; Erzherzogtum Naschmarkt Willkommen auf der Reservierungsseite des Erzherzogtums! U\u0308ber das interaktive Formular auf der linken Seite ko\u0308nnen Sie ganz einfach Ihren Tisch in unserem Naschmarkt-Restaurant reservieren. Wenn Sie lieber telefonisch oder per Email buchen mo\u0308chten, erreichen Sie uns unter: +43 1 5878744 naschmarkt@erzherzogtum.at Wir freuen uns auf Ihren Besuch am Naschmarkt! Men\u00fckarte [&hellip;]<\/p>\n","protected":false},"author":3,"featured_media":581,"parent":0,"menu_order":0,"comment_status":"closed","ping_status":"closed","template":"","meta":{"footnotes":""},"class_list":["post-40","page","type-page","status-publish","has-post-thumbnail","hentry"],"yoast_head":"<!-- This site is optimized with the Yoast SEO plugin v27.0 - https:\/\/yoast.com\/product\/yoast-seo-wordpress\/ -->\n<title>Tisch Reservierung: Erzherzogtum am Naschmarkt<\/title>\n<meta name=\"description\" content=\"Online Tisch Reservierung m\u00f6glich. Reservieren Sie und kommen Sie vorbei. Wir freuen uns auf Sie.\" \/>\n<meta name=\"robots\" content=\"index, follow, max-snippet:-1, max-image-preview:large, max-video-preview:-1\" \/>\n<link rel=\"canonical\" href=\"https:\/\/erzherzogtum.at\/fr\/reserver\/\" \/>\n<meta property=\"og:locale\" content=\"fr_FR\" \/>\n<meta property=\"og:type\" content=\"article\" \/>\n<meta property=\"og:title\" content=\"Tisch Reservierung: Erzherzogtum am Naschmarkt\" \/>\n<meta property=\"og:description\" content=\"Online Tisch Reservierung m\u00f6glich. Reservieren Sie und kommen Sie vorbei. Wir freuen uns auf Sie.\" \/>\n<meta property=\"og:url\" content=\"https:\/\/erzherzogtum.at\/fr\/reserver\/\" \/>\n<meta property=\"og:site_name\" content=\"erzherzogtum.at\" \/>\n<meta property=\"article:publisher\" content=\"https:\/\/www.facebook.com\/profile.php?id=100078536448105\" \/>\n<meta property=\"article:modified_time\" content=\"2024-07-11T09:52:48+00:00\" \/>\n<meta property=\"og:image\" content=\"https:\/\/erzherzogtum.at\/wp-content\/uploads\/2023\/09\/6-1-scaled.jpg\" \/>\n\t<meta property=\"og:image:width\" content=\"1920\" \/>\n\t<meta property=\"og:image:height\" content=\"2560\" \/>\n\t<meta property=\"og:image:type\" content=\"image\/jpeg\" \/>\n<meta name=\"twitter:card\" content=\"summary_large_image\" \/>\n<meta name=\"twitter:label1\" content=\"Dur\u00e9e de lecture estim\u00e9e\" \/>\n\t<meta name=\"twitter:data1\" content=\"1 minute\" \/>\n<script type=\"application\/ld+json\" class=\"yoast-schema-graph\">{\"@context\":\"https:\/\/schema.org\",\"@graph\":[{\"@type\":\"WebPage\",\"@id\":\"https:\/\/erzherzogtum.at\/reservieren\/\",\"url\":\"https:\/\/erzherzogtum.at\/reservieren\/\",\"name\":\"Tisch Reservierung: Erzherzogtum am Naschmarkt\",\"isPartOf\":{\"@id\":\"https:\/\/erzherzogtum.at\/#website\"},\"primaryImageOfPage\":{\"@id\":\"https:\/\/erzherzogtum.at\/reservieren\/#primaryimage\"},\"image\":{\"@id\":\"https:\/\/erzherzogtum.at\/reservieren\/#primaryimage\"},\"thumbnailUrl\":\"https:\/\/erzherzogtum.at\/wp-content\/uploads\/2023\/09\/6-1-scaled.jpg\",\"datePublished\":\"2023-09-10T09:10:42+00:00\",\"dateModified\":\"2024-07-11T09:52:48+00:00\",\"description\":\"Online Tisch Reservierung m\u00f6glich. Reservieren Sie und kommen Sie vorbei. Wir freuen uns auf Sie.\",\"breadcrumb\":{\"@id\":\"https:\/\/erzherzogtum.at\/reservieren\/#breadcrumb\"},\"inLanguage\":\"fr-FR\",\"potentialAction\":[{\"@type\":\"ReadAction\",\"target\":[\"https:\/\/erzherzogtum.at\/reservieren\/\"]}]},{\"@type\":\"ImageObject\",\"inLanguage\":\"fr-FR\",\"@id\":\"https:\/\/erzherzogtum.at\/reservieren\/#primaryimage\",\"url\":\"https:\/\/erzherzogtum.at\/wp-content\/uploads\/2023\/09\/6-1-scaled.jpg\",\"contentUrl\":\"https:\/\/erzherzogtum.at\/wp-content\/uploads\/2023\/09\/6-1-scaled.jpg\",\"width\":1920,\"height\":2560,\"caption\":\"Erzherzogtum am Naschmarkt\"},{\"@type\":\"BreadcrumbList\",\"@id\":\"https:\/\/erzherzogtum.at\/reservieren\/#breadcrumb\",\"itemListElement\":[{\"@type\":\"ListItem\",\"position\":1,\"name\":\"Home\",\"item\":\"https:\/\/erzherzogtum.at\/\"},{\"@type\":\"ListItem\",\"position\":2,\"name\":\"Reservieren\"}]},{\"@type\":\"WebSite\",\"@id\":\"https:\/\/erzherzogtum.at\/#website\",\"url\":\"https:\/\/erzherzogtum.at\/\",\"name\":\"Erzherzogtum\",\"description\":\"\",\"publisher\":{\"@id\":\"https:\/\/erzherzogtum.at\/#organization\"},\"potentialAction\":[{\"@type\":\"SearchAction\",\"target\":{\"@type\":\"EntryPoint\",\"urlTemplate\":\"https:\/\/erzherzogtum.at\/?s={search_term_string}\"},\"query-input\":{\"@type\":\"PropertyValueSpecification\",\"valueRequired\":true,\"valueName\":\"search_term_string\"}}],\"inLanguage\":\"fr-FR\"},{\"@type\":\"Organization\",\"@id\":\"https:\/\/erzherzogtum.at\/#organization\",\"name\":\"Erzherzogtum Naschmarkt\",\"url\":\"https:\/\/erzherzogtum.at\/\",\"logo\":{\"@type\":\"ImageObject\",\"inLanguage\":\"fr-FR\",\"@id\":\"https:\/\/erzherzogtum.at\/#\/schema\/logo\/image\/\",\"url\":\"https:\/\/erzherzogtum.at\/wp-content\/uploads\/2023\/09\/erzherzogtum-logo_Gold-Weiss.png\",\"contentUrl\":\"https:\/\/erzherzogtum.at\/wp-content\/uploads\/2023\/09\/erzherzogtum-logo_Gold-Weiss.png\",\"width\":13832,\"height\":4063,\"caption\":\"Erzherzogtum Naschmarkt\"},\"image\":{\"@id\":\"https:\/\/erzherzogtum.at\/#\/schema\/logo\/image\/\"},\"sameAs\":[\"https:\/\/www.facebook.com\/profile.php?id=100078536448105\"]}]}<\/script>\n<!-- \/ Yoast SEO plugin. -->","yoast_head_json":{"title":"R\u00e9servation de table - Erzherzogtum Naschmarkt","description":"R\u00e9servation de table en ligne possible. R\u00e9servez et venez nous voir. Nous nous r\u00e9jouissons de vous accueillir.","robots":{"index":"index","follow":"follow","max-snippet":"max-snippet:-1","max-image-preview":"max-image-preview:large","max-video-preview":"max-video-preview:-1"},"canonical":"https:\/\/erzherzogtum.at\/fr\/reserver\/","og_locale":"fr_FR","og_type":"article","og_title":"Tisch Reservierung: Erzherzogtum am Naschmarkt","og_description":"Online Tisch Reservierung m\u00f6glich. Reservieren Sie und kommen Sie vorbei. Wir freuen uns auf Sie.","og_url":"https:\/\/erzherzogtum.at\/fr\/reserver\/","og_site_name":"erzherzogtum.at","article_publisher":"https:\/\/www.facebook.com\/profile.php?id=100078536448105","article_modified_time":"2024-07-11T09:52:48+00:00","og_image":[{"width":1920,"height":2560,"url":"https:\/\/erzherzogtum.at\/wp-content\/uploads\/2023\/09\/6-1-scaled.jpg","type":"image\/jpeg"}],"twitter_card":"summary_large_image","twitter_misc":{"Dur\u00e9e de lecture estim\u00e9e":"1 minute"},"schema":{"@context":"https:\/\/schema.org","@graph":[{"@type":"WebPage","@id":"https:\/\/erzherzogtum.at\/reservieren\/","url":"https:\/\/erzherzogtum.at\/reservieren\/","name":"R\u00e9servation de table - Erzherzogtum Naschmarkt","isPartOf":{"@id":"https:\/\/erzherzogtum.at\/#website"},"primaryImageOfPage":{"@id":"https:\/\/erzherzogtum.at\/reservieren\/#primaryimage"},"image":{"@id":"https:\/\/erzherzogtum.at\/reservieren\/#primaryimage"},"thumbnailUrl":"https:\/\/erzherzogtum.at\/wp-content\/uploads\/2023\/09\/6-1-scaled.jpg","datePublished":"2023-09-10T09:10:42+00:00","dateModified":"2024-07-11T09:52:48+00:00","description":"R\u00e9servation de table en ligne possible. R\u00e9servez et venez nous voir. Nous nous r\u00e9jouissons de vous accueillir.","breadcrumb":{"@id":"https:\/\/erzherzogtum.at\/reservieren\/#breadcrumb"},"inLanguage":"fr-FR","potentialAction":[{"@type":"ReadAction","target":["https:\/\/erzherzogtum.at\/reservieren\/"]}]},{"@type":"ImageObject","inLanguage":"fr-FR","@id":"https:\/\/erzherzogtum.at\/reservieren\/#primaryimage","url":"https:\/\/erzherzogtum.at\/wp-content\/uploads\/2023\/09\/6-1-scaled.jpg","contentUrl":"https:\/\/erzherzogtum.at\/wp-content\/uploads\/2023\/09\/6-1-scaled.jpg","width":1920,"height":2560,"caption":"Erzherzogtum am Naschmarkt"},{"@type":"BreadcrumbList","@id":"https:\/\/erzherzogtum.at\/reservieren\/#breadcrumb","itemListElement":[{"@type":"ListItem","position":1,"name":"Home","item":"https:\/\/erzherzogtum.at\/"},{"@type":"ListItem","position":2,"name":"Reservieren"}]},{"@type":"WebSite","@id":"https:\/\/erzherzogtum.at\/#website","url":"https:\/\/erzherzogtum.at\/","name":"Erzherzogtum","description":"","publisher":{"@id":"https:\/\/erzherzogtum.at\/#organization"},"potentialAction":[{"@type":"SearchAction","target":{"@type":"EntryPoint","urlTemplate":"https:\/\/erzherzogtum.at\/?s={search_term_string}"},"query-input":{"@type":"PropertyValueSpecification","valueRequired":true,"valueName":"search_term_string"}}],"inLanguage":"fr-FR"},{"@type":"Organization","@id":"https:\/\/erzherzogtum.at\/#organization","name":"Erzherzogtum Naschmarkt","url":"https:\/\/erzherzogtum.at\/","logo":{"@type":"ImageObject","inLanguage":"fr-FR","@id":"https:\/\/erzherzogtum.at\/#\/schema\/logo\/image\/","url":"https:\/\/erzherzogtum.at\/wp-content\/uploads\/2023\/09\/erzherzogtum-logo_Gold-Weiss.png","contentUrl":"https:\/\/erzherzogtum.at\/wp-content\/uploads\/2023\/09\/erzherzogtum-logo_Gold-Weiss.png","width":13832,"height":4063,"caption":"Erzherzogtum Naschmarkt"},"image":{"@id":"https:\/\/erzherzogtum.at\/#\/schema\/logo\/image\/"},"sameAs":["https:\/\/www.facebook.com\/profile.php?id=100078536448105"]}]}},"_links":{"self":[{"href":"https:\/\/erzherzogtum.at\/fr\/wp-json\/wp\/v2\/pages\/40","targetHints":{"allow":["GET"]}}],"collection":[{"href":"https:\/\/erzherzogtum.at\/fr\/wp-json\/wp\/v2\/pages"}],"about":[{"href":"https:\/\/erzherzogtum.at\/fr\/wp-json\/wp\/v2\/types\/page"}],"author":[{"embeddable":true,"href":"https:\/\/erzherzogtum.at\/fr\/wp-json\/wp\/v2\/users\/3"}],"replies":[{"embeddable":true,"href":"https:\/\/erzherzogtum.at\/fr\/wp-json\/wp\/v2\/comments?post=40"}],"version-history":[{"count":10,"href":"https:\/\/erzherzogtum.at\/fr\/wp-json\/wp\/v2\/pages\/40\/revisions"}],"predecessor-version":[{"id":2071,"href":"https:\/\/erzherzogtum.at\/fr\/wp-json\/wp\/v2\/pages\/40\/revisions\/2071"}],"wp:featuredmedia":[{"embeddable":true,"href":"https:\/\/erzherzogtum.at\/fr\/wp-json\/wp\/v2\/media\/581"}],"wp:attachment":[{"href":"https:\/\/erzherzogtum.at\/fr\/wp-json\/wp\/v2\/media?parent=40"}],"curies":[{"name":"wp","href":"https:\/\/api.w.org\/{rel}","templated":true}]}}