{"id":1084,"date":"2023-12-11T20:55:16","date_gmt":"2023-12-11T19:55:16","guid":{"rendered":"https:\/\/erzherzogtum.at\/?page_id=1084"},"modified":"2026-05-13T07:27:12","modified_gmt":"2026-05-13T05:27:12","slug":"saisonkarte","status":"publish","type":"page","link":"https:\/\/erzherzogtum.at\/es\/menu-de-temporada\/","title":{"rendered":"Saisonkarte"},"content":{"rendered":"<div data-elementor-type=\"wp-page\" data-elementor-id=\"1084\" class=\"elementor elementor-1084\" data-elementor-post-type=\"page\">\n\t\t\t\t\t\t<section class=\"elementor-section elementor-top-section elementor-element elementor-element-8c331f9 elementor-section-full_width elementor-section-height-default elementor-section-height-default\" data-id=\"8c331f9\" data-element_type=\"section\" data-e-type=\"section\">\n\t\t\t\t\t\t<div class=\"elementor-container elementor-column-gap-default\">\n\t\t\t\t\t<div class=\"elementor-column elementor-col-50 elementor-top-column elementor-element elementor-element-9a7a18d elementor-hidden-tablet elementor-hidden-mobile\" data-id=\"9a7a18d\" data-element_type=\"column\" data-e-type=\"column\" data-settings=\"{&quot;background_background&quot;:&quot;classic&quot;}\">\n\t\t\t<div class=\"elementor-widget-wrap\">\n\t\t\t\t\t\t\t<\/div>\n\t\t<\/div>\n\t\t\t\t<div class=\"elementor-column elementor-col-50 elementor-top-column elementor-element elementor-element-6518f4e\" data-id=\"6518f4e\" data-element_type=\"column\" data-e-type=\"column\">\n\t\t\t<div class=\"elementor-widget-wrap elementor-element-populated\">\n\t\t\t\t\t\t<div class=\"elementor-element elementor-element-10c34b2 elementor-widget elementor-widget-heading\" data-id=\"10c34b2\" data-element_type=\"widget\" data-e-type=\"widget\" data-widget_type=\"heading.default\">\n\t\t\t\t<div class=\"elementor-widget-container\">\n\t\t\t\t\t<h1 class=\"elementor-heading-title elementor-size-default\">Saisonale Spezialit\u00e4ten<\/h1>\t\t\t\t<\/div>\n\t\t\t\t<\/div>\n\t\t\t\t<div class=\"elementor-element elementor-element-202089d elementor-widget-divider--view-line elementor-widget elementor-widget-divider\" data-id=\"202089d\" data-element_type=\"widget\" data-e-type=\"widget\" data-widget_type=\"divider.default\">\n\t\t\t\t<div class=\"elementor-widget-container\">\n\t\t\t\t\t\t\t<div class=\"elementor-divider\">\n\t\t\t<span class=\"elementor-divider-separator\">\n\t\t\t\t\t\t<\/span>\n\t\t<\/div>\n\t\t\t\t\t\t<\/div>\n\t\t\t\t<\/div>\n\t\t\t\t<div class=\"elementor-element elementor-element-0ba06fd elementor-widget elementor-widget-heading\" data-id=\"0ba06fd\" data-element_type=\"widget\" data-e-type=\"widget\" data-widget_type=\"heading.default\">\n\t\t\t\t<div class=\"elementor-widget-container\">\n\t\t\t\t\t<h2 class=\"elementor-heading-title elementor-size-default\">Gebackener Spargel mit Blattsalat und Sauce Tartare<\/h2>\t\t\t\t<\/div>\n\t\t\t\t<\/div>\n\t\t\t\t<div class=\"elementor-element elementor-element-3a059b7 elementor-widget elementor-widget-heading\" data-id=\"3a059b7\" data-element_type=\"widget\" data-e-type=\"widget\" data-widget_type=\"heading.default\">\n\t\t\t\t<div class=\"elementor-widget-container\">\n\t\t\t\t\t<h2 class=\"elementor-heading-title elementor-size-default\">Fried white asparagus with parsley potatoes and tartar sauce<\/h2>\t\t\t\t<\/div>\n\t\t\t\t<\/div>\n\t\t\t\t<div class=\"elementor-element elementor-element-da40d11 elementor-widget elementor-widget-text-editor\" data-id=\"da40d11\" data-element_type=\"widget\" data-e-type=\"widget\" data-widget_type=\"text-editor.default\">\n\t\t\t\t<div class=\"elementor-widget-container\">\n\t\t\t\t\t\t\t\t\t<div class=\"page\" title=\"Page 1\"><div class=\"layoutArea\"><div class=\"column\"><p class=\"p2\">20,9\u20ac<\/p><\/div><\/div><\/div>\t\t\t\t\t\t\t\t<\/div>\n\t\t\t\t<\/div>\n\t\t\t\t<div class=\"elementor-element elementor-element-755714d elementor-widget-divider--view-line elementor-widget elementor-widget-divider\" data-id=\"755714d\" data-element_type=\"widget\" data-e-type=\"widget\" data-widget_type=\"divider.default\">\n\t\t\t\t<div class=\"elementor-widget-container\">\n\t\t\t\t\t\t\t<div class=\"elementor-divider\">\n\t\t\t<span class=\"elementor-divider-separator\">\n\t\t\t\t\t\t<\/span>\n\t\t<\/div>\n\t\t\t\t\t\t<\/div>\n\t\t\t\t<\/div>\n\t\t\t\t<div class=\"elementor-element elementor-element-6ecb1c0 elementor-widget elementor-widget-heading\" data-id=\"6ecb1c0\" data-element_type=\"widget\" data-e-type=\"widget\" data-widget_type=\"heading.default\">\n\t\t\t\t<div class=\"elementor-widget-container\">\n\t\t\t\t\t<h2 class=\"elementor-heading-title elementor-size-default\">Unsere Getr\u00e4nkeempfehlungen<\/h2>\t\t\t\t<\/div>\n\t\t\t\t<\/div>\n\t\t\t\t<div class=\"elementor-element elementor-element-2267cc5 elementor-widget elementor-widget-heading\" data-id=\"2267cc5\" data-element_type=\"widget\" data-e-type=\"widget\" data-widget_type=\"heading.default\">\n\t\t\t\t<div class=\"elementor-widget-container\">\n\t\t\t\t\t<h2 class=\"elementor-heading-title elementor-size-default\">Our drink recommendations<\/h2>\t\t\t\t<\/div>\n\t\t\t\t<\/div>\n\t\t\t\t<div class=\"elementor-element elementor-element-10742a1 elementor-widget elementor-widget-image\" data-id=\"10742a1\" data-element_type=\"widget\" data-e-type=\"widget\" data-widget_type=\"image.default\">\n\t\t\t\t<div class=\"elementor-widget-container\">\n\t\t\t\t\t\t\t\t\t\t\t\t\t\t\t<img fetchpriority=\"high\" decoding=\"async\" width=\"256\" height=\"361\" src=\"https:\/\/erzherzogtum.at\/wp-content\/uploads\/2023\/09\/apple.svg\" class=\"attachment-large size-large wp-image-139\" alt=\"Erzherzogtum Logo\" \/>\t\t\t\t\t\t\t\t\t\t\t\t\t\t\t<\/div>\n\t\t\t\t<\/div>\n\t\t\t\t<div class=\"elementor-element elementor-element-4a87bcc elementor-widget elementor-widget-heading\" data-id=\"4a87bcc\" data-element_type=\"widget\" data-e-type=\"widget\" data-widget_type=\"heading.default\">\n\t\t\t\t<div class=\"elementor-widget-container\">\n\t\t\t\t\t<h2 class=\"elementor-heading-title elementor-size-default\">Bellini 0,1l<\/h2>\t\t\t\t<\/div>\n\t\t\t\t<\/div>\n\t\t\t\t<div class=\"elementor-element elementor-element-eb13e8a elementor-widget elementor-widget-text-editor\" data-id=\"eb13e8a\" data-element_type=\"widget\" data-e-type=\"widget\" data-widget_type=\"text-editor.default\">\n\t\t\t\t<div class=\"elementor-widget-container\">\n\t\t\t\t\t\t\t\t\t<p class=\"p2\">7,8 \u20ac<\/p>\t\t\t\t\t\t\t\t<\/div>\n\t\t\t\t<\/div>\n\t\t\t\t<div class=\"elementor-element elementor-element-d227ace elementor-widget elementor-widget-image\" data-id=\"d227ace\" data-element_type=\"widget\" data-e-type=\"widget\" data-widget_type=\"image.default\">\n\t\t\t\t<div class=\"elementor-widget-container\">\n\t\t\t\t\t\t\t\t\t\t\t\t\t\t\t<img fetchpriority=\"high\" decoding=\"async\" width=\"256\" height=\"361\" src=\"https:\/\/erzherzogtum.at\/wp-content\/uploads\/2023\/09\/apple.svg\" class=\"attachment-large size-large wp-image-139\" alt=\"Erzherzogtum Logo\" \/>\t\t\t\t\t\t\t\t\t\t\t\t\t\t\t<\/div>\n\t\t\t\t<\/div>\n\t\t\t\t<div class=\"elementor-element elementor-element-12b70f3 elementor-widget elementor-widget-heading\" data-id=\"12b70f3\" data-element_type=\"widget\" data-e-type=\"widget\" data-widget_type=\"heading.default\">\n\t\t\t\t<div class=\"elementor-widget-container\">\n\t\t\t\t\t<h2 class=\"elementor-heading-title elementor-size-default\">Maracuja Spritz 0,25 l<\/h2>\t\t\t\t<\/div>\n\t\t\t\t<\/div>\n\t\t\t\t<div class=\"elementor-element elementor-element-057115d elementor-widget elementor-widget-heading\" data-id=\"057115d\" data-element_type=\"widget\" data-e-type=\"widget\" data-widget_type=\"heading.default\">\n\t\t\t\t<div class=\"elementor-widget-container\">\n\t\t\t\t\t<h2 class=\"elementor-heading-title elementor-size-default\">Passion Fruit Spritz\n<\/h2>\t\t\t\t<\/div>\n\t\t\t\t<\/div>\n\t\t\t\t<div class=\"elementor-element elementor-element-463b739 elementor-widget elementor-widget-text-editor\" data-id=\"463b739\" data-element_type=\"widget\" data-e-type=\"widget\" data-widget_type=\"text-editor.default\">\n\t\t\t\t<div class=\"elementor-widget-container\">\n\t\t\t\t\t\t\t\t\t<p class=\"p2\">8,9 \u20ac<\/p>\t\t\t\t\t\t\t\t<\/div>\n\t\t\t\t<\/div>\n\t\t\t\t<div class=\"elementor-element elementor-element-666ca9b elementor-widget elementor-widget-image\" data-id=\"666ca9b\" data-element_type=\"widget\" data-e-type=\"widget\" data-widget_type=\"image.default\">\n\t\t\t\t<div class=\"elementor-widget-container\">\n\t\t\t\t\t\t\t\t\t\t\t\t\t\t\t<img fetchpriority=\"high\" decoding=\"async\" width=\"256\" height=\"361\" src=\"https:\/\/erzherzogtum.at\/wp-content\/uploads\/2023\/09\/apple.svg\" class=\"attachment-large size-large wp-image-139\" alt=\"Erzherzogtum Logo\" \/>\t\t\t\t\t\t\t\t\t\t\t\t\t\t\t<\/div>\n\t\t\t\t<\/div>\n\t\t\t\t<div class=\"elementor-element elementor-element-56af8b8 elementor-widget elementor-widget-heading\" data-id=\"56af8b8\" data-element_type=\"widget\" data-e-type=\"widget\" data-widget_type=\"heading.default\">\n\t\t\t\t<div class=\"elementor-widget-container\">\n\t\t\t\t\t<h2 class=\"elementor-heading-title elementor-size-default\">Erdbeer - Minze Spritz 0,25l<\/h2>\t\t\t\t<\/div>\n\t\t\t\t<\/div>\n\t\t\t\t<div class=\"elementor-element elementor-element-2570027 elementor-widget elementor-widget-heading\" data-id=\"2570027\" data-element_type=\"widget\" data-e-type=\"widget\" data-widget_type=\"heading.default\">\n\t\t\t\t<div class=\"elementor-widget-container\">\n\t\t\t\t\t<h2 class=\"elementor-heading-title elementor-size-default\">Strawberry - Mint Spritz<\/h2>\t\t\t\t<\/div>\n\t\t\t\t<\/div>\n\t\t\t\t<div class=\"elementor-element elementor-element-9ff1b74 elementor-widget elementor-widget-text-editor\" data-id=\"9ff1b74\" data-element_type=\"widget\" data-e-type=\"widget\" data-widget_type=\"text-editor.default\">\n\t\t\t\t<div class=\"elementor-widget-container\">\n\t\t\t\t\t\t\t\t\t<p class=\"p2\">8,9 \u20ac<\/p>\t\t\t\t\t\t\t\t<\/div>\n\t\t\t\t<\/div>\n\t\t\t\t<div class=\"elementor-element elementor-element-29ef77d elementor-widget elementor-widget-spacer\" data-id=\"29ef77d\" data-element_type=\"widget\" data-e-type=\"widget\" data-widget_type=\"spacer.default\">\n\t\t\t\t<div class=\"elementor-widget-container\">\n\t\t\t\t\t\t\t<div class=\"elementor-spacer\">\n\t\t\t<div class=\"elementor-spacer-inner\"><\/div>\n\t\t<\/div>\n\t\t\t\t\t\t<\/div>\n\t\t\t\t<\/div>\n\t\t\t\t\t<\/div>\n\t\t<\/div>\n\t\t\t\t\t<\/div>\n\t\t<\/section>\n\t\t\t\t<\/div>","protected":false},"excerpt":{"rendered":"<p>Saisonale Spezialit\u00e4ten Gebackener Spargel mit Blattsalat und Sauce Tartare Fried white asparagus with parsley potatoes and tartar sauce 20,9\u20ac Unsere Getr\u00e4nkeempfehlungen Our drink recommendations Bellini 0,1l 7,8 \u20ac Maracuja Spritz 0,25 l Passion Fruit Spritz 8,9 \u20ac Erdbeer &#8211; Minze Spritz 0,25l Strawberry &#8211; Mint Spritz 8,9 \u20ac<\/p>","protected":false},"author":1,"featured_media":0,"parent":0,"menu_order":0,"comment_status":"closed","ping_status":"closed","template":"","meta":{"footnotes":""},"class_list":["post-1084","page","type-page","status-publish","hentry"],"yoast_head":"<!-- This site is optimized with the Yoast SEO plugin v27.3 - https:\/\/yoast.com\/product\/yoast-seo-wordpress\/ -->\n<title>Saisonkarte am Naschmarkt<\/title>\n<meta name=\"description\" content=\"K\u00fcrbiscremsuppe mit K\u00fcrbiskern\u00f6l, Kalbskopf gebacken mit Erd\u00e4pfelsalat , Blunz\u2019ngr\u00f6stl mit Krautsalat, Backhendlsalat mit K\u00fcrbiskern\u00f6l\" \/>\n<meta name=\"robots\" content=\"index, follow, max-snippet:-1, max-image-preview:large, max-video-preview:-1\" \/>\n<link rel=\"canonical\" href=\"https:\/\/erzherzogtum.at\/es\/menu-de-temporada\/\" \/>\n<meta property=\"og:locale\" content=\"es_ES\" \/>\n<meta property=\"og:type\" content=\"article\" \/>\n<meta property=\"og:title\" content=\"Saisonkarte am Naschmarkt\" \/>\n<meta property=\"og:description\" content=\"K\u00fcrbiscremsuppe mit K\u00fcrbiskern\u00f6l, Kalbskopf gebacken mit Erd\u00e4pfelsalat , Blunz\u2019ngr\u00f6stl mit Krautsalat, Backhendlsalat mit K\u00fcrbiskern\u00f6l\" \/>\n<meta property=\"og:url\" content=\"https:\/\/erzherzogtum.at\/es\/menu-de-temporada\/\" \/>\n<meta property=\"og:site_name\" content=\"erzherzogtum.at\" \/>\n<meta property=\"article:publisher\" content=\"https:\/\/www.facebook.com\/profile.php?id=100078536448105\" \/>\n<meta property=\"article:modified_time\" content=\"2026-05-13T05:27:12+00:00\" \/>\n<meta name=\"twitter:card\" content=\"summary_large_image\" \/>\n<meta name=\"twitter:label1\" content=\"Tiempo de lectura\" \/>\n\t<meta name=\"twitter:data1\" content=\"1 minuto\" \/>\n<script type=\"application\/ld+json\" class=\"yoast-schema-graph\">{\"@context\":\"https:\\\/\\\/schema.org\",\"@graph\":[{\"@type\":\"WebPage\",\"@id\":\"https:\\\/\\\/erzherzogtum.at\\\/saisonkarte\\\/\",\"url\":\"https:\\\/\\\/erzherzogtum.at\\\/saisonkarte\\\/\",\"name\":\"Saisonkarte am Naschmarkt\",\"isPartOf\":{\"@id\":\"https:\\\/\\\/erzherzogtum.at\\\/#website\"},\"primaryImageOfPage\":{\"@id\":\"https:\\\/\\\/erzherzogtum.at\\\/saisonkarte\\\/#primaryimage\"},\"image\":{\"@id\":\"https:\\\/\\\/erzherzogtum.at\\\/saisonkarte\\\/#primaryimage\"},\"thumbnailUrl\":\"https:\\\/\\\/erzherzogtum.at\\\/wp-content\\\/uploads\\\/2023\\\/09\\\/apple.svg\",\"datePublished\":\"2023-12-11T19:55:16+00:00\",\"dateModified\":\"2026-05-13T05:27:12+00:00\",\"description\":\"K\u00fcrbiscremsuppe mit K\u00fcrbiskern\u00f6l, Kalbskopf gebacken mit Erd\u00e4pfelsalat , Blunz\u2019ngr\u00f6stl mit Krautsalat, Backhendlsalat mit K\u00fcrbiskern\u00f6l\",\"breadcrumb\":{\"@id\":\"https:\\\/\\\/erzherzogtum.at\\\/saisonkarte\\\/#breadcrumb\"},\"inLanguage\":\"es\",\"potentialAction\":[{\"@type\":\"ReadAction\",\"target\":[\"https:\\\/\\\/erzherzogtum.at\\\/saisonkarte\\\/\"]}]},{\"@type\":\"ImageObject\",\"inLanguage\":\"es\",\"@id\":\"https:\\\/\\\/erzherzogtum.at\\\/saisonkarte\\\/#primaryimage\",\"url\":\"https:\\\/\\\/erzherzogtum.at\\\/wp-content\\\/uploads\\\/2023\\\/09\\\/apple.svg\",\"contentUrl\":\"https:\\\/\\\/erzherzogtum.at\\\/wp-content\\\/uploads\\\/2023\\\/09\\\/apple.svg\"},{\"@type\":\"BreadcrumbList\",\"@id\":\"https:\\\/\\\/erzherzogtum.at\\\/saisonkarte\\\/#breadcrumb\",\"itemListElement\":[{\"@type\":\"ListItem\",\"position\":1,\"name\":\"Home\",\"item\":\"https:\\\/\\\/erzherzogtum.at\\\/\"},{\"@type\":\"ListItem\",\"position\":2,\"name\":\"Saisonkarte\"}]},{\"@type\":\"WebSite\",\"@id\":\"https:\\\/\\\/erzherzogtum.at\\\/#website\",\"url\":\"https:\\\/\\\/erzherzogtum.at\\\/\",\"name\":\"Erzherzogtum\",\"description\":\"\",\"publisher\":{\"@id\":\"https:\\\/\\\/erzherzogtum.at\\\/#organization\"},\"potentialAction\":[{\"@type\":\"SearchAction\",\"target\":{\"@type\":\"EntryPoint\",\"urlTemplate\":\"https:\\\/\\\/erzherzogtum.at\\\/?s={search_term_string}\"},\"query-input\":{\"@type\":\"PropertyValueSpecification\",\"valueRequired\":true,\"valueName\":\"search_term_string\"}}],\"inLanguage\":\"es\"},{\"@type\":\"Organization\",\"@id\":\"https:\\\/\\\/erzherzogtum.at\\\/#organization\",\"name\":\"Erzherzogtum Naschmarkt\",\"url\":\"https:\\\/\\\/erzherzogtum.at\\\/\",\"logo\":{\"@type\":\"ImageObject\",\"inLanguage\":\"es\",\"@id\":\"https:\\\/\\\/erzherzogtum.at\\\/#\\\/schema\\\/logo\\\/image\\\/\",\"url\":\"https:\\\/\\\/erzherzogtum.at\\\/wp-content\\\/uploads\\\/2023\\\/09\\\/erzherzogtum-logo_Gold-Weiss.png\",\"contentUrl\":\"https:\\\/\\\/erzherzogtum.at\\\/wp-content\\\/uploads\\\/2023\\\/09\\\/erzherzogtum-logo_Gold-Weiss.png\",\"width\":13832,\"height\":4063,\"caption\":\"Erzherzogtum Naschmarkt\"},\"image\":{\"@id\":\"https:\\\/\\\/erzherzogtum.at\\\/#\\\/schema\\\/logo\\\/image\\\/\"},\"sameAs\":[\"https:\\\/\\\/www.facebook.com\\\/profile.php?id=100078536448105\"]}]}<\/script>\n<!-- \/ Yoast SEO plugin. -->","yoast_head_json":{"title":"Season menu at the Naschmarkt","description":"Sopa de crema de calabaza con aceite de semillas de calabaza, cabeza de ternera al horno con ensalada de patata, Blunz'ngr\u00f6stl con ensalada de col, ensalada de pollo frito con aceite de semillas de calabaza","robots":{"index":"index","follow":"follow","max-snippet":"max-snippet:-1","max-image-preview":"max-image-preview:large","max-video-preview":"max-video-preview:-1"},"canonical":"https:\/\/erzherzogtum.at\/es\/menu-de-temporada\/","og_locale":"es_ES","og_type":"article","og_title":"Saisonkarte am Naschmarkt","og_description":"K\u00fcrbiscremsuppe mit K\u00fcrbiskern\u00f6l, Kalbskopf gebacken mit Erd\u00e4pfelsalat , Blunz\u2019ngr\u00f6stl mit Krautsalat, Backhendlsalat mit K\u00fcrbiskern\u00f6l","og_url":"https:\/\/erzherzogtum.at\/es\/menu-de-temporada\/","og_site_name":"erzherzogtum.at","article_publisher":"https:\/\/www.facebook.com\/profile.php?id=100078536448105","article_modified_time":"2026-05-13T05:27:12+00:00","twitter_card":"summary_large_image","twitter_misc":{"Tiempo de lectura":"1 minuto"},"schema":{"@context":"https:\/\/schema.org","@graph":[{"@type":"WebPage","@id":"https:\/\/erzherzogtum.at\/saisonkarte\/","url":"https:\/\/erzherzogtum.at\/saisonkarte\/","name":"Season menu at the Naschmarkt","isPartOf":{"@id":"https:\/\/erzherzogtum.at\/#website"},"primaryImageOfPage":{"@id":"https:\/\/erzherzogtum.at\/saisonkarte\/#primaryimage"},"image":{"@id":"https:\/\/erzherzogtum.at\/saisonkarte\/#primaryimage"},"thumbnailUrl":"https:\/\/erzherzogtum.at\/wp-content\/uploads\/2023\/09\/apple.svg","datePublished":"2023-12-11T19:55:16+00:00","dateModified":"2026-05-13T05:27:12+00:00","description":"Sopa de crema de calabaza con aceite de semillas de calabaza, cabeza de ternera al horno con ensalada de patata, Blunz'ngr\u00f6stl con ensalada de col, ensalada de pollo frito con aceite de semillas de calabaza","breadcrumb":{"@id":"https:\/\/erzherzogtum.at\/saisonkarte\/#breadcrumb"},"inLanguage":"es","potentialAction":[{"@type":"ReadAction","target":["https:\/\/erzherzogtum.at\/saisonkarte\/"]}]},{"@type":"ImageObject","inLanguage":"es","@id":"https:\/\/erzherzogtum.at\/saisonkarte\/#primaryimage","url":"https:\/\/erzherzogtum.at\/wp-content\/uploads\/2023\/09\/apple.svg","contentUrl":"https:\/\/erzherzogtum.at\/wp-content\/uploads\/2023\/09\/apple.svg"},{"@type":"BreadcrumbList","@id":"https:\/\/erzherzogtum.at\/saisonkarte\/#breadcrumb","itemListElement":[{"@type":"ListItem","position":1,"name":"Home","item":"https:\/\/erzherzogtum.at\/"},{"@type":"ListItem","position":2,"name":"Saisonkarte"}]},{"@type":"WebSite","@id":"https:\/\/erzherzogtum.at\/#website","url":"https:\/\/erzherzogtum.at\/","name":"Erzherzogtum","description":"","publisher":{"@id":"https:\/\/erzherzogtum.at\/#organization"},"potentialAction":[{"@type":"SearchAction","target":{"@type":"EntryPoint","urlTemplate":"https:\/\/erzherzogtum.at\/?s={search_term_string}"},"query-input":{"@type":"PropertyValueSpecification","valueRequired":true,"valueName":"search_term_string"}}],"inLanguage":"es"},{"@type":"Organization","@id":"https:\/\/erzherzogtum.at\/#organization","name":"Erzherzogtum Naschmarkt","url":"https:\/\/erzherzogtum.at\/","logo":{"@type":"ImageObject","inLanguage":"es","@id":"https:\/\/erzherzogtum.at\/#\/schema\/logo\/image\/","url":"https:\/\/erzherzogtum.at\/wp-content\/uploads\/2023\/09\/erzherzogtum-logo_Gold-Weiss.png","contentUrl":"https:\/\/erzherzogtum.at\/wp-content\/uploads\/2023\/09\/erzherzogtum-logo_Gold-Weiss.png","width":13832,"height":4063,"caption":"Erzherzogtum Naschmarkt"},"image":{"@id":"https:\/\/erzherzogtum.at\/#\/schema\/logo\/image\/"},"sameAs":["https:\/\/www.facebook.com\/profile.php?id=100078536448105"]}]}},"_links":{"self":[{"href":"https:\/\/erzherzogtum.at\/es\/wp-json\/wp\/v2\/pages\/1084","targetHints":{"allow":["GET"]}}],"collection":[{"href":"https:\/\/erzherzogtum.at\/es\/wp-json\/wp\/v2\/pages"}],"about":[{"href":"https:\/\/erzherzogtum.at\/es\/wp-json\/wp\/v2\/types\/page"}],"author":[{"embeddable":true,"href":"https:\/\/erzherzogtum.at\/es\/wp-json\/wp\/v2\/users\/1"}],"replies":[{"embeddable":true,"href":"https:\/\/erzherzogtum.at\/es\/wp-json\/wp\/v2\/comments?post=1084"}],"version-history":[{"count":10,"href":"https:\/\/erzherzogtum.at\/es\/wp-json\/wp\/v2\/pages\/1084\/revisions"}],"predecessor-version":[{"id":3116,"href":"https:\/\/erzherzogtum.at\/es\/wp-json\/wp\/v2\/pages\/1084\/revisions\/3116"}],"wp:attachment":[{"href":"https:\/\/erzherzogtum.at\/es\/wp-json\/wp\/v2\/media?parent=1084"}],"curies":[{"name":"wp","href":"https:\/\/api.w.org\/{rel}","templated":true}]}}