{"id":545,"date":"2023-09-18T09:59:24","date_gmt":"2023-09-18T07:59:24","guid":{"rendered":"https:\/\/erzherzogtum.at\/?page_id=545"},"modified":"2025-12-10T07:40:51","modified_gmt":"2025-12-10T06:40:51","slug":"impressum","status":"publish","type":"page","link":"https:\/\/erzherzogtum.at\/en\/impressum\/","title":{"rendered":"Impressum"},"content":{"rendered":"<div data-elementor-type=\"wp-page\" data-elementor-id=\"545\" class=\"elementor elementor-545\" data-elementor-post-type=\"page\">\n\t\t\t\t\t\t<section class=\"elementor-section elementor-top-section elementor-element elementor-element-ce2a08f elementor-section-boxed elementor-section-height-default elementor-section-height-default\" data-id=\"ce2a08f\" data-element_type=\"section\" data-e-type=\"section\">\n\t\t\t\t\t\t<div class=\"elementor-container elementor-column-gap-default\">\n\t\t\t\t\t<div class=\"elementor-column elementor-col-100 elementor-top-column elementor-element elementor-element-9149e12\" data-id=\"9149e12\" data-element_type=\"column\" data-e-type=\"column\">\n\t\t\t<div class=\"elementor-widget-wrap elementor-element-populated\">\n\t\t\t\t\t\t<div class=\"elementor-element elementor-element-e1d37d1 elementor-widget elementor-widget-heading\" data-id=\"e1d37d1\" data-element_type=\"widget\" data-e-type=\"widget\" data-widget_type=\"heading.default\">\n\t\t\t\t<div class=\"elementor-widget-container\">\n\t\t\t\t\t<h2 class=\"elementor-heading-title elementor-size-default\">Impressum<\/h2>\t\t\t\t<\/div>\n\t\t\t\t<\/div>\n\t\t\t\t<div class=\"elementor-element elementor-element-226ddba elementor-widget elementor-widget-text-editor\" data-id=\"226ddba\" data-element_type=\"widget\" data-e-type=\"widget\" data-widget_type=\"text-editor.default\">\n\t\t\t\t<div class=\"elementor-widget-container\">\n\t\t\t\t\t\t\t\t\t<p>Angaben gem\u00e4\u00df Informationspflicht laut \u00a75 E-Commerce Gesetz, \u00a714 Unternehmensgesetzbuch, \u00a763 Gewerbeordnung und Offenlegungspflicht laut \u00a725 Mediengesetz.<\/p><p>Erzherzogtum Naschmarkt by C.C.S. <b>GmbH<\/b><\/p><p>Naschmarkt Stand 130 &#8211; 140<\/p><p>Naschmarkt Stand 215+216,<\/p><p>1060 Wien,\u00a0\u00d6sterreich<\/p><p><strong>Unternehmensgegenstand:<\/strong> Gastgewerbe<br \/><strong>UID-Nummer:<\/strong> ATU44088107<br \/><strong>GLN:<\/strong> 9110015973679<br \/><strong>GISA:<\/strong> 24726658<br \/><strong>Firmenbuchnummer:<\/strong>\u00a0FN166308x<br \/><strong>Firmenbuchgericht:<\/strong>Gastronomie Wien (WKO)<\/p><p><strong>Firmensitz:<\/strong> Naschmarkt Stand 131, 1060 Wien<\/p><p><strong>Postadresse<\/strong>: Oppolzergasse 6\/DG\/12+13, 1010 Wien<\/p><p><strong>Tel.:<\/strong>\u00a0+43 15878744<br \/><strong>E-Mail:<\/strong> <a href=\"mailto:ccs@erzherzogtum.at\">ccs@erzherzogtum.at<\/a><\/p><p><strong>Mitglied bei:<\/strong> WKO Wien<br \/><strong>Berufsrecht:<\/strong>Gastronomie Wien (WKO)<\/p><p><strong>Aufsichtsbeh\u00f6rde\/Gewerbebeh\u00f6rde:<\/strong> Magistratisches Bezirksamt f\u00fcr den 6. und 7. Bezirk, 1060 Wien, Hermanngasse 24-26<br \/><strong>Berufsbezeichnung:<\/strong> Restaurant<br \/><strong>Verleihungsstaat:<\/strong> \u00d6sterreich<\/p><p><strong>Gesch\u00e4ftsf\u00fchrer<\/strong><br \/>Christopher Clemens Sch\u00e4tz<\/p><p><strong>Beteiligungsverh\u00e4ltnisse<\/strong><br \/>Christopher Clemens Sch\u00e4tz 100%<\/p><p><strong>Kontaktdaten des Verantwortlichen f\u00fcr Datenschutz<\/strong><br \/>Sollten Sie Fragen zum Datenschutz haben, finden Sie nachfolgend die Kontaktdaten der verantwortlichen Person bzw. Stelle:<br \/>Erzherzogtum Naschmarkt by C.C.S.<br \/>Naschmarkt Stand 130, <br \/>1060 Wien<br \/>E-Mail-Adresse: <a href=\"mailto:ccs@erzherzogtum.at\">ccs@erzherzogtum.at<\/a><br \/>Telefon: 01 5878744<\/p><h2 data-fontsize=\"24\" data-lineheight=\"36px\">EU-Streitschlichtung<\/h2><p>Gem\u00e4\u00df Verordnung \u00fcber Online-Streitbeilegung in Verbraucherangelegenheiten (ODR-Verordnung) m\u00f6chten wir Sie \u00fcber die Online-Streitbeilegungsplattform (OS-Plattform) informieren.<br \/>Verbraucher haben die M\u00f6glichkeit, Beschwerden an die Online Streitbeilegungsplattform der Europ\u00e4ischen Kommission unter <a href=\"https:\/\/ec.europa.eu\/consumers\/odr\/main\/index.cfm?event=main.home2.show&amp;lng=DE\" target=\"_blank\" rel=\"follow noopener\">https:\/\/ec.europa.eu\/consumers\/odr\/main\/index.cfm?event=main.home2.show&amp;lng=DE<\/a> zu richten. Die daf\u00fcr notwendigen Kontaktdaten finden Sie oberhalb in unserem Impressum.<\/p><p>Wir m\u00f6chten Sie jedoch darauf hinweisen, dass wir nicht bereit oder verpflichtet sind, an Streitbeilegungsverfahren vor einer Verbraucherschlichtungsstelle teilzunehmen.<\/p><h2 data-fontsize=\"24\" data-lineheight=\"36px\">Haftung f\u00fcr Inhalte dieser Website<\/h2><p>Wir entwickeln die Inhalte dieser Website st\u00e4ndig weiter und bem\u00fchen uns korrekte und aktuelle Informationen bereitzustellen. Leider k\u00f6nnen wir keine Haftung f\u00fcr die Korrektheit aller Inhalte auf dieser Website \u00fcbernehmen, speziell f\u00fcr jene, die seitens Dritter bereitgestellt wurden. Als Diensteanbieter sind wir nicht verpflichtet, die von Ihnen \u00fcbermittelten oder gespeicherten Informationen zu \u00fcberwachen oder nach Umst\u00e4nden zu forschen, die auf eine rechtswidrige T\u00e4tigkeit hinweisen.<\/p><p>Unsere Verpflichtungen zur Entfernung von Informationen oder zur Sperrung der Nutzung von Informationen nach den allgemeinen Gesetzen aufgrund von gerichtlichen oder beh\u00f6rdlichen Anordnungen bleiben auch im Falle unserer Nichtverantwortlichkeit davon unber\u00fchrt.<\/p><p>Sollten Ihnen problematische oder rechtswidrige Inhalte auffallen, bitte wir Sie uns umgehend zu kontaktieren, damit wir die rechtswidrigen Inhalte entfernen k\u00f6nnen. Sie finden die Kontaktdaten im Impressum.<\/p><h2 data-fontsize=\"24\" data-lineheight=\"36px\">Haftung f\u00fcr Links auf dieser Website<\/h2><p>Unsere Website enth\u00e4lt Links zu anderen Websites f\u00fcr deren Inhalt wir nicht verantwortlich sind. Haftung f\u00fcr verlinkte Websites besteht f\u00fcr uns nicht, da wir keine Kenntnis rechtswidriger T\u00e4tigkeiten hatten und haben, uns solche Rechtswidrigkeiten auch bisher nicht aufgefallen sind und wir Links sofort entfernen w\u00fcrden, wenn uns Rechtswidrigkeiten bekannt werden.<\/p><p>Wenn Ihnen rechtswidrige Links auf unserer Website auffallen, bitte wir Sie uns zu kontaktieren. Sie finden die Kontaktdaten im Impressum.<\/p><h2 data-fontsize=\"24\" data-lineheight=\"36px\">Urheberrechtshinweis<\/h2><p>Alle Inhalte dieser Webseite (Bilder, Fotos, Texte, Videos) unterliegen dem Urheberrecht. Bitte fragen Sie uns bevor Sie die Inhalte dieser Website verbreiten, vervielf\u00e4ltigen oder verwerten wie zum Beispiel auf anderen Websites erneut ver\u00f6ffentlichen. Falls notwendig, werden wir die unerlaubte Nutzung von Teilen der Inhalte unserer Seite rechtlich verfolgen.<\/p><p>Sollten Sie auf dieser Webseite Inhalte finden, die das Urheberrecht verletzen, bitten wir Sie uns zu kontaktieren.<\/p><h2 data-fontsize=\"24\" data-lineheight=\"36px\">Bildernachweis<\/h2><p>Die Bilder, Fotos und Grafiken auf dieser Webseite sind urheberrechtlich gesch\u00fctzt.<\/p><p>Die Bilderrechte liegen bei:<\/p><p>Christopher Clemens Sch\u00e4tz<\/p><p>Alle Texte sind urheberrechtlich gesch\u00fctzt.<\/p><p>Quelle: Erstellt mit dem <a title=\"Impressum Generator von AdSimple f\u00fcr \u00d6sterreich\" href=\"https:\/\/www.adsimple.at\/impressum-generator\/\">Impressum Generator<\/a> von AdSimple<br \/><br \/><a href=\"https:\/\/kuehlschrank-dichtung.at\/\">Partner f\u00fcr K\u00fchlshrankdichtungen\u00a0<\/a><\/p><p>.<\/p>\t\t\t\t\t\t\t\t<\/div>\n\t\t\t\t<\/div>\n\t\t\t\t\t<\/div>\n\t\t<\/div>\n\t\t\t\t\t<\/div>\n\t\t<\/section>\n\t\t\t\t<\/div>","protected":false},"excerpt":{"rendered":"<p>Impressum Angaben gem\u00e4\u00df Informationspflicht laut \u00a75 E-Commerce Gesetz, \u00a714 Unternehmensgesetzbuch, \u00a763 Gewerbeordnung und Offenlegungspflicht laut \u00a725 Mediengesetz. Erzherzogtum Naschmarkt by C.C.S. GmbH Naschmarkt Stand 130 &#8211; 140 Naschmarkt Stand 215+216, 1060 Wien,\u00a0\u00d6sterreich Unternehmensgegenstand: GastgewerbeUID-Nummer: ATU44088107GLN: 9110015973679GISA: 24726658Firmenbuchnummer:\u00a0FN166308xFirmenbuchgericht:Gastronomie Wien (WKO) Firmensitz: Naschmarkt Stand 131, 1060 Wien Postadresse: Oppolzergasse 6\/DG\/12+13, 1010 Wien Tel.:\u00a0+43 15878744E-Mail: ccs@erzherzogtum.at Mitglied bei: [&hellip;]<\/p>\n","protected":false},"author":3,"featured_media":459,"parent":0,"menu_order":0,"comment_status":"closed","ping_status":"closed","template":"","meta":{"footnotes":""},"class_list":["post-545","page","type-page","status-publish","has-post-thumbnail","hentry"],"yoast_head":"<!-- This site is optimized with the Yoast SEO plugin v27.0 - https:\/\/yoast.com\/product\/yoast-seo-wordpress\/ -->\n<title>Impressum - erzherzogtum.at<\/title>\n<meta name=\"robots\" content=\"index, follow, max-snippet:-1, max-image-preview:large, max-video-preview:-1\" \/>\n<link rel=\"canonical\" href=\"https:\/\/erzherzogtum.at\/en\/impressum\/\" \/>\n<meta property=\"og:locale\" content=\"en_US\" \/>\n<meta property=\"og:type\" content=\"article\" \/>\n<meta property=\"og:title\" content=\"Impressum - erzherzogtum.at\" \/>\n<meta property=\"og:description\" content=\"Impressum Angaben gem\u00e4\u00df Informationspflicht laut \u00a75 E-Commerce Gesetz, \u00a714 Unternehmensgesetzbuch, \u00a763 Gewerbeordnung und Offenlegungspflicht laut \u00a725 Mediengesetz. Erzherzogtum Naschmarkt by C.C.S. GmbH Naschmarkt Stand 130 &#8211; 140 Naschmarkt Stand 215+216, 1060 Wien,\u00a0\u00d6sterreich Unternehmensgegenstand: GastgewerbeUID-Nummer: ATU44088107GLN: 9110015973679GISA: 24726658Firmenbuchnummer:\u00a0FN166308xFirmenbuchgericht:Gastronomie Wien (WKO) Firmensitz: Naschmarkt Stand 131, 1060 Wien Postadresse: Oppolzergasse 6\/DG\/12+13, 1010 Wien Tel.:\u00a0+43 15878744E-Mail: ccs@erzherzogtum.at Mitglied bei: [&hellip;]\" \/>\n<meta property=\"og:url\" content=\"https:\/\/erzherzogtum.at\/en\/impressum\/\" \/>\n<meta property=\"og:site_name\" content=\"erzherzogtum.at\" \/>\n<meta property=\"article:publisher\" content=\"https:\/\/www.facebook.com\/profile.php?id=100078536448105\" \/>\n<meta property=\"article:modified_time\" content=\"2025-12-10T06:40:51+00:00\" \/>\n<meta property=\"og:image\" content=\"https:\/\/erzherzogtum.at\/wp-content\/uploads\/2023\/09\/5-scaled.jpg\" \/>\n\t<meta property=\"og:image:width\" content=\"2560\" \/>\n\t<meta property=\"og:image:height\" content=\"1707\" \/>\n\t<meta property=\"og:image:type\" content=\"image\/jpeg\" \/>\n<meta name=\"twitter:card\" content=\"summary_large_image\" \/>\n<meta name=\"twitter:label1\" content=\"Est. reading time\" \/>\n\t<meta name=\"twitter:data1\" content=\"3 minutes\" \/>\n<script type=\"application\/ld+json\" class=\"yoast-schema-graph\">{\"@context\":\"https:\/\/schema.org\",\"@graph\":[{\"@type\":\"WebPage\",\"@id\":\"https:\/\/erzherzogtum.at\/impressum\/\",\"url\":\"https:\/\/erzherzogtum.at\/impressum\/\",\"name\":\"Impressum - erzherzogtum.at\",\"isPartOf\":{\"@id\":\"https:\/\/erzherzogtum.at\/#website\"},\"primaryImageOfPage\":{\"@id\":\"https:\/\/erzherzogtum.at\/impressum\/#primaryimage\"},\"image\":{\"@id\":\"https:\/\/erzherzogtum.at\/impressum\/#primaryimage\"},\"thumbnailUrl\":\"https:\/\/erzherzogtum.at\/wp-content\/uploads\/2023\/09\/5-scaled.jpg\",\"datePublished\":\"2023-09-18T07:59:24+00:00\",\"dateModified\":\"2025-12-10T06:40:51+00:00\",\"breadcrumb\":{\"@id\":\"https:\/\/erzherzogtum.at\/impressum\/#breadcrumb\"},\"inLanguage\":\"en-US\",\"potentialAction\":[{\"@type\":\"ReadAction\",\"target\":[\"https:\/\/erzherzogtum.at\/impressum\/\"]}]},{\"@type\":\"ImageObject\",\"inLanguage\":\"en-US\",\"@id\":\"https:\/\/erzherzogtum.at\/impressum\/#primaryimage\",\"url\":\"https:\/\/erzherzogtum.at\/wp-content\/uploads\/2023\/09\/5-scaled.jpg\",\"contentUrl\":\"https:\/\/erzherzogtum.at\/wp-content\/uploads\/2023\/09\/5-scaled.jpg\",\"width\":2560,\"height\":1707,\"caption\":\"Frankfurter Wurst mit Senf und Semmel\"},{\"@type\":\"BreadcrumbList\",\"@id\":\"https:\/\/erzherzogtum.at\/impressum\/#breadcrumb\",\"itemListElement\":[{\"@type\":\"ListItem\",\"position\":1,\"name\":\"Home\",\"item\":\"https:\/\/erzherzogtum.at\/\"},{\"@type\":\"ListItem\",\"position\":2,\"name\":\"Impressum\"}]},{\"@type\":\"WebSite\",\"@id\":\"https:\/\/erzherzogtum.at\/#website\",\"url\":\"https:\/\/erzherzogtum.at\/\",\"name\":\"Erzherzogtum\",\"description\":\"\",\"publisher\":{\"@id\":\"https:\/\/erzherzogtum.at\/#organization\"},\"potentialAction\":[{\"@type\":\"SearchAction\",\"target\":{\"@type\":\"EntryPoint\",\"urlTemplate\":\"https:\/\/erzherzogtum.at\/?s={search_term_string}\"},\"query-input\":{\"@type\":\"PropertyValueSpecification\",\"valueRequired\":true,\"valueName\":\"search_term_string\"}}],\"inLanguage\":\"en-US\"},{\"@type\":\"Organization\",\"@id\":\"https:\/\/erzherzogtum.at\/#organization\",\"name\":\"Erzherzogtum Naschmarkt\",\"url\":\"https:\/\/erzherzogtum.at\/\",\"logo\":{\"@type\":\"ImageObject\",\"inLanguage\":\"en-US\",\"@id\":\"https:\/\/erzherzogtum.at\/#\/schema\/logo\/image\/\",\"url\":\"https:\/\/erzherzogtum.at\/wp-content\/uploads\/2023\/09\/erzherzogtum-logo_Gold-Weiss.png\",\"contentUrl\":\"https:\/\/erzherzogtum.at\/wp-content\/uploads\/2023\/09\/erzherzogtum-logo_Gold-Weiss.png\",\"width\":13832,\"height\":4063,\"caption\":\"Erzherzogtum Naschmarkt\"},\"image\":{\"@id\":\"https:\/\/erzherzogtum.at\/#\/schema\/logo\/image\/\"},\"sameAs\":[\"https:\/\/www.facebook.com\/profile.php?id=100078536448105\"]}]}<\/script>\n<!-- \/ Yoast SEO plugin. -->","yoast_head_json":{"title":"Impressum - erzherzogtum.at","robots":{"index":"index","follow":"follow","max-snippet":"max-snippet:-1","max-image-preview":"max-image-preview:large","max-video-preview":"max-video-preview:-1"},"canonical":"https:\/\/erzherzogtum.at\/en\/impressum\/","og_locale":"en_US","og_type":"article","og_title":"Impressum - erzherzogtum.at","og_description":"Impressum Angaben gem\u00e4\u00df Informationspflicht laut \u00a75 E-Commerce Gesetz, \u00a714 Unternehmensgesetzbuch, \u00a763 Gewerbeordnung und Offenlegungspflicht laut \u00a725 Mediengesetz. Erzherzogtum Naschmarkt by C.C.S. GmbH Naschmarkt Stand 130 &#8211; 140 Naschmarkt Stand 215+216, 1060 Wien,\u00a0\u00d6sterreich Unternehmensgegenstand: GastgewerbeUID-Nummer: ATU44088107GLN: 9110015973679GISA: 24726658Firmenbuchnummer:\u00a0FN166308xFirmenbuchgericht:Gastronomie Wien (WKO) Firmensitz: Naschmarkt Stand 131, 1060 Wien Postadresse: Oppolzergasse 6\/DG\/12+13, 1010 Wien Tel.:\u00a0+43 15878744E-Mail: ccs@erzherzogtum.at Mitglied bei: [&hellip;]","og_url":"https:\/\/erzherzogtum.at\/en\/impressum\/","og_site_name":"erzherzogtum.at","article_publisher":"https:\/\/www.facebook.com\/profile.php?id=100078536448105","article_modified_time":"2025-12-10T06:40:51+00:00","og_image":[{"width":2560,"height":1707,"url":"https:\/\/erzherzogtum.at\/wp-content\/uploads\/2023\/09\/5-scaled.jpg","type":"image\/jpeg"}],"twitter_card":"summary_large_image","twitter_misc":{"Est. reading time":"3 minutes"},"schema":{"@context":"https:\/\/schema.org","@graph":[{"@type":"WebPage","@id":"https:\/\/erzherzogtum.at\/impressum\/","url":"https:\/\/erzherzogtum.at\/impressum\/","name":"Impressum - erzherzogtum.at","isPartOf":{"@id":"https:\/\/erzherzogtum.at\/#website"},"primaryImageOfPage":{"@id":"https:\/\/erzherzogtum.at\/impressum\/#primaryimage"},"image":{"@id":"https:\/\/erzherzogtum.at\/impressum\/#primaryimage"},"thumbnailUrl":"https:\/\/erzherzogtum.at\/wp-content\/uploads\/2023\/09\/5-scaled.jpg","datePublished":"2023-09-18T07:59:24+00:00","dateModified":"2025-12-10T06:40:51+00:00","breadcrumb":{"@id":"https:\/\/erzherzogtum.at\/impressum\/#breadcrumb"},"inLanguage":"en-US","potentialAction":[{"@type":"ReadAction","target":["https:\/\/erzherzogtum.at\/impressum\/"]}]},{"@type":"ImageObject","inLanguage":"en-US","@id":"https:\/\/erzherzogtum.at\/impressum\/#primaryimage","url":"https:\/\/erzherzogtum.at\/wp-content\/uploads\/2023\/09\/5-scaled.jpg","contentUrl":"https:\/\/erzherzogtum.at\/wp-content\/uploads\/2023\/09\/5-scaled.jpg","width":2560,"height":1707,"caption":"Frankfurter Wurst mit Senf und Semmel"},{"@type":"BreadcrumbList","@id":"https:\/\/erzherzogtum.at\/impressum\/#breadcrumb","itemListElement":[{"@type":"ListItem","position":1,"name":"Home","item":"https:\/\/erzherzogtum.at\/"},{"@type":"ListItem","position":2,"name":"Impressum"}]},{"@type":"WebSite","@id":"https:\/\/erzherzogtum.at\/#website","url":"https:\/\/erzherzogtum.at\/","name":"Erzherzogtum","description":"","publisher":{"@id":"https:\/\/erzherzogtum.at\/#organization"},"potentialAction":[{"@type":"SearchAction","target":{"@type":"EntryPoint","urlTemplate":"https:\/\/erzherzogtum.at\/?s={search_term_string}"},"query-input":{"@type":"PropertyValueSpecification","valueRequired":true,"valueName":"search_term_string"}}],"inLanguage":"en-US"},{"@type":"Organization","@id":"https:\/\/erzherzogtum.at\/#organization","name":"Erzherzogtum Naschmarkt","url":"https:\/\/erzherzogtum.at\/","logo":{"@type":"ImageObject","inLanguage":"en-US","@id":"https:\/\/erzherzogtum.at\/#\/schema\/logo\/image\/","url":"https:\/\/erzherzogtum.at\/wp-content\/uploads\/2023\/09\/erzherzogtum-logo_Gold-Weiss.png","contentUrl":"https:\/\/erzherzogtum.at\/wp-content\/uploads\/2023\/09\/erzherzogtum-logo_Gold-Weiss.png","width":13832,"height":4063,"caption":"Erzherzogtum Naschmarkt"},"image":{"@id":"https:\/\/erzherzogtum.at\/#\/schema\/logo\/image\/"},"sameAs":["https:\/\/www.facebook.com\/profile.php?id=100078536448105"]}]}},"_links":{"self":[{"href":"https:\/\/erzherzogtum.at\/en\/wp-json\/wp\/v2\/pages\/545","targetHints":{"allow":["GET"]}}],"collection":[{"href":"https:\/\/erzherzogtum.at\/en\/wp-json\/wp\/v2\/pages"}],"about":[{"href":"https:\/\/erzherzogtum.at\/en\/wp-json\/wp\/v2\/types\/page"}],"author":[{"embeddable":true,"href":"https:\/\/erzherzogtum.at\/en\/wp-json\/wp\/v2\/users\/3"}],"replies":[{"embeddable":true,"href":"https:\/\/erzherzogtum.at\/en\/wp-json\/wp\/v2\/comments?post=545"}],"version-history":[{"count":10,"href":"https:\/\/erzherzogtum.at\/en\/wp-json\/wp\/v2\/pages\/545\/revisions"}],"predecessor-version":[{"id":2777,"href":"https:\/\/erzherzogtum.at\/en\/wp-json\/wp\/v2\/pages\/545\/revisions\/2777"}],"wp:featuredmedia":[{"embeddable":true,"href":"https:\/\/erzherzogtum.at\/en\/wp-json\/wp\/v2\/media\/459"}],"wp:attachment":[{"href":"https:\/\/erzherzogtum.at\/en\/wp-json\/wp\/v2\/media?parent=545"}],"curies":[{"name":"wp","href":"https:\/\/api.w.org\/{rel}","templated":true}]}}